{"id":2956,"date":"2021-12-14T17:30:35","date_gmt":"2021-12-14T17:30:35","guid":{"rendered":"https:\/\/bmtechmedical.com\/transferencias\/"},"modified":"2024-05-15T10:54:22","modified_gmt":"2024-05-15T10:54:22","slug":"transferencias","status":"publish","type":"page","link":"https:\/\/bmtechmedical.com\/pt-pt\/transferencias\/","title":{"rendered":"Transfer\u00eancias"},"content":{"rendered":"\t\t<div data-elementor-type=\"wp-page\" data-elementor-id=\"2956\" class=\"elementor elementor-2956 elementor-408\" data-elementor-post-type=\"page\">\n\t\t\t\t\t\t<section class=\"ob-is-breaking-bad elementor-section elementor-top-section elementor-element elementor-element-a0e4684 elementor-section-boxed elementor-section-height-default elementor-section-height-default\" data-id=\"a0e4684\" data-element_type=\"section\" data-settings=\"{&quot;background_background&quot;:&quot;classic&quot;,&quot;_ob_bbad_use_it&quot;:&quot;yes&quot;,&quot;_ob_bbad_sssic_use&quot;:&quot;no&quot;,&quot;_ob_glider_is_slider&quot;:&quot;no&quot;}\">\n\t\t\t\t\t\t<div class=\"elementor-container elementor-column-gap-no\">\n\t\t\t\t\t<div class=\"elementor-column elementor-col-100 elementor-top-column elementor-element elementor-element-0db1872\" data-id=\"0db1872\" data-element_type=\"column\" data-settings=\"{&quot;_ob_bbad_is_stalker&quot;:&quot;no&quot;,&quot;_ob_teleporter_use&quot;:false,&quot;_ob_column_hoveranimator&quot;:&quot;no&quot;,&quot;_ob_column_has_pseudo&quot;:&quot;no&quot;}\">\n\t\t\t<div class=\"elementor-widget-wrap elementor-element-populated\">\n\t\t\t\t\t\t<div class=\"elementor-element elementor-element-140ede0d ob-harakiri-inherit ob-has-background-overlay elementor-widget elementor-widget-heading\" data-id=\"140ede0d\" data-element_type=\"widget\" data-settings=\"{&quot;_ob_use_harakiri&quot;:&quot;yes&quot;,&quot;_ob_harakiri_writing_mode&quot;:&quot;inherit&quot;,&quot;_ob_harakiri_text_clip&quot;:&quot;none&quot;,&quot;_ob_perspektive_use&quot;:&quot;no&quot;,&quot;_ob_poopart_use&quot;:&quot;yes&quot;,&quot;_ob_shadough_use&quot;:&quot;no&quot;,&quot;_ob_allow_hoveranimator&quot;:&quot;no&quot;,&quot;_ob_widget_stalker_use&quot;:&quot;no&quot;}\" data-widget_type=\"heading.default\">\n\t\t\t\t<div class=\"elementor-widget-container\">\n\t\t\t<style>\/*! elementor - v3.19.0 - 29-01-2024 *\/\n.elementor-heading-title{padding:0;margin:0;line-height:1}.elementor-widget-heading .elementor-heading-title[class*=elementor-size-]>a{color:inherit;font-size:inherit;line-height:inherit}.elementor-widget-heading .elementor-heading-title.elementor-size-small{font-size:15px}.elementor-widget-heading .elementor-heading-title.elementor-size-medium{font-size:19px}.elementor-widget-heading .elementor-heading-title.elementor-size-large{font-size:29px}.elementor-widget-heading .elementor-heading-title.elementor-size-xl{font-size:39px}.elementor-widget-heading .elementor-heading-title.elementor-size-xxl{font-size:59px}<\/style><h2 class=\"elementor-heading-title elementor-size-default\">TRANSFER\u00caNCIAS<\/h2>\t\t<\/div>\n\t\t\t\t<\/div>\n\t\t\t\t<section class=\"ob-is-breaking-bad ob-bb-inner elementor-section elementor-inner-section elementor-element elementor-element-f7a959b elementor-section-boxed elementor-section-height-default elementor-section-height-default\" data-id=\"f7a959b\" data-element_type=\"section\" data-settings=\"{&quot;_ob_bbad_use_it&quot;:&quot;yes&quot;,&quot;_ob_bbad_sssic_use&quot;:&quot;no&quot;,&quot;_ob_glider_is_slider&quot;:&quot;no&quot;}\">\n\t\t\t\t\t\t<div class=\"elementor-container elementor-column-gap-no\">\n\t\t\t\t\t<div class=\"elementor-column elementor-col-50 elementor-inner-column elementor-element elementor-element-688667c\" data-id=\"688667c\" data-element_type=\"column\" data-settings=\"{&quot;_ob_bbad_is_stalker&quot;:&quot;no&quot;,&quot;_ob_teleporter_use&quot;:false,&quot;_ob_column_hoveranimator&quot;:&quot;no&quot;,&quot;_ob_column_has_pseudo&quot;:&quot;no&quot;}\">\n\t\t\t<div class=\"elementor-widget-wrap elementor-element-populated\">\n\t\t\t\t\t\t<div class=\"elementor-element elementor-element-32db8d5d ob-harakiri-inherit ob-has-background-overlay elementor-widget elementor-widget-heading\" data-id=\"32db8d5d\" data-element_type=\"widget\" data-settings=\"{&quot;_ob_use_harakiri&quot;:&quot;yes&quot;,&quot;_ob_harakiri_writing_mode&quot;:&quot;inherit&quot;,&quot;_ob_harakiri_text_clip&quot;:&quot;none&quot;,&quot;_ob_perspektive_use&quot;:&quot;no&quot;,&quot;_ob_poopart_use&quot;:&quot;yes&quot;,&quot;_ob_shadough_use&quot;:&quot;no&quot;,&quot;_ob_allow_hoveranimator&quot;:&quot;no&quot;,&quot;_ob_widget_stalker_use&quot;:&quot;no&quot;}\" data-widget_type=\"heading.default\">\n\t\t\t\t<div class=\"elementor-widget-container\">\n\t\t\t<h2 class=\"elementor-heading-title elementor-size-default\">Informa\u00e7\u00e3o T\u00e9cnica<\/h2>\t\t<\/div>\n\t\t\t\t<\/div>\n\t\t\t\t<div class=\"elementor-element elementor-element-53131834 elementor-position-right elementor-vertical-align-middle elementor-view-default elementor-mobile-position-top ob-has-background-overlay elementor-widget elementor-widget-icon-box\" data-id=\"53131834\" data-element_type=\"widget\" data-settings=\"{&quot;_ob_perspektive_use&quot;:&quot;no&quot;,&quot;_ob_poopart_use&quot;:&quot;yes&quot;,&quot;_ob_shadough_use&quot;:&quot;no&quot;,&quot;_ob_allow_hoveranimator&quot;:&quot;no&quot;,&quot;_ob_widget_stalker_use&quot;:&quot;no&quot;}\" data-widget_type=\"icon-box.default\">\n\t\t\t\t<div class=\"elementor-widget-container\">\n\t\t\t<link rel=\"stylesheet\" href=\"https:\/\/bmtechmedical.com\/wp-content\/plugins\/elementor\/assets\/css\/widget-icon-box.min.css\">\t\t<div class=\"elementor-icon-box-wrapper\">\n\t\t\t\t\t\t<div class=\"elementor-icon-box-icon\">\n\t\t\t\t<a href=\"https:\/\/bmtechmedical.com\/wp-content\/uploads\/2021\/10\/BMTECH-Guarantee-Program.pdf\" class=\"elementor-icon elementor-animation-\" tabindex=\"-1\">\n\t\t\t\t<svg xmlns=\"http:\/\/www.w3.org\/2000\/svg\" width=\"42\" height=\"42\" viewBox=\"0 0 42 42\"><g id=\"Group_7876\" data-name=\"Group 7876\" transform=\"translate(-681 -505)\"><g id=\"Group_7875\" data-name=\"Group 7875\" transform=\"translate(-30 4)\"><circle id=\"Ellipse_74\" data-name=\"Ellipse 74\" cx=\"21\" cy=\"21\" r=\"21\" transform=\"translate(711 501)\" fill=\"#00d9e2\"><\/circle><\/g><path id=\"Path\" d=\"M8.131,14.676v-2.2H4.995A2.534,2.534,0,0,1,2.273,10.1,2.412,2.412,0,0,1,4.912,7.642a.17.17,0,0,0,.183-.205c-.158-2.3,1.493-3.246,3.427-2.712a.18.18,0,0,0,.241-.09A4.2,4.2,0,0,1,12.677,2.2a4.312,4.312,0,0,1,4.314,4.191,9.492,9.492,0,0,1-.058,1.5.159.159,0,0,0,.158.205c1.535.222,2.456,1.052,2.456,2.325,0,1.216-.921,2.046-2.423,2.046H13.474v2.2h3.758c2.655,0,4.588-1.643,4.588-4.035a4.234,4.234,0,0,0-2.7-4.092A6.328,6.328,0,0,0,12.7,0a6.06,6.06,0,0,0-5.02,2.6A3.8,3.8,0,0,0,3.128,6.031,4.013,4.013,0,0,0,0,10.181a4.673,4.673,0,0,0,4.986,4.495Z\" transform=\"translate(691.09 514.939)\" fill=\"#fff\"><\/path><path id=\"Path-2\" data-name=\"Path\" d=\"M3.8,0a.983.983,0,0,1,.987.97V8.316L4.646,9.664l.481-.657.979-.986a.916.916,0,0,1,.647-.279.83.83,0,0,1,.846.814.785.785,0,0,1-.257.592l-2.755,2.58a1.09,1.09,0,0,1-1.576,0L.265,9.146A.764.764,0,0,1,0,8.554a.825.825,0,0,1,.846-.814.916.916,0,0,1,.647.279l.979.986.481.657L2.813,8.316V.97A.983.983,0,0,1,3.8,0Z\" transform=\"translate(698.2 523.998)\" fill=\"#fff\"><\/path><\/g><\/svg>\t\t\t\t<\/a>\n\t\t\t<\/div>\n\t\t\t\t\t\t<div class=\"elementor-icon-box-content\">\n\t\t\t\t<h3 class=\"elementor-icon-box-title\">\n\t\t\t\t\t<a href=\"https:\/\/bmtechmedical.com\/wp-content\/uploads\/2021\/10\/BMTECH-Guarantee-Program.pdf\" >\n\t\t\t\t\t\tPrograma de Garantia\t\t\t\t\t<\/a>\n\t\t\t\t<\/h3>\n\t\t\t\t\t\t\t<\/div>\n\t\t<\/div>\n\t\t\t\t<\/div>\n\t\t\t\t<\/div>\n\t\t\t\t<div class=\"elementor-element elementor-element-51a10a51 elementor-position-right elementor-vertical-align-middle elementor-view-default elementor-mobile-position-top ob-has-background-overlay elementor-widget elementor-widget-icon-box\" data-id=\"51a10a51\" data-element_type=\"widget\" data-settings=\"{&quot;_ob_perspektive_use&quot;:&quot;no&quot;,&quot;_ob_poopart_use&quot;:&quot;yes&quot;,&quot;_ob_shadough_use&quot;:&quot;no&quot;,&quot;_ob_allow_hoveranimator&quot;:&quot;no&quot;,&quot;_ob_widget_stalker_use&quot;:&quot;no&quot;}\" data-widget_type=\"icon-box.default\">\n\t\t\t\t<div class=\"elementor-widget-container\">\n\t\t\t\t\t<div class=\"elementor-icon-box-wrapper\">\n\t\t\t\t\t\t<div class=\"elementor-icon-box-icon\">\n\t\t\t\t<a href=\"https:\/\/bmtechmedical.com\/wp-content\/uploads\/2021\/10\/BMTECH-Guarantee-Form.pdf\" class=\"elementor-icon elementor-animation-\" tabindex=\"-1\">\n\t\t\t\t<svg xmlns=\"http:\/\/www.w3.org\/2000\/svg\" width=\"42\" height=\"42\" viewBox=\"0 0 42 42\"><g id=\"Group_7876\" data-name=\"Group 7876\" transform=\"translate(-681 -505)\"><g id=\"Group_7875\" data-name=\"Group 7875\" transform=\"translate(-30 4)\"><circle id=\"Ellipse_74\" data-name=\"Ellipse 74\" cx=\"21\" cy=\"21\" r=\"21\" transform=\"translate(711 501)\" fill=\"#00d9e2\"><\/circle><\/g><path id=\"Path\" d=\"M8.131,14.676v-2.2H4.995A2.534,2.534,0,0,1,2.273,10.1,2.412,2.412,0,0,1,4.912,7.642a.17.17,0,0,0,.183-.205c-.158-2.3,1.493-3.246,3.427-2.712a.18.18,0,0,0,.241-.09A4.2,4.2,0,0,1,12.677,2.2a4.312,4.312,0,0,1,4.314,4.191,9.492,9.492,0,0,1-.058,1.5.159.159,0,0,0,.158.205c1.535.222,2.456,1.052,2.456,2.325,0,1.216-.921,2.046-2.423,2.046H13.474v2.2h3.758c2.655,0,4.588-1.643,4.588-4.035a4.234,4.234,0,0,0-2.7-4.092A6.328,6.328,0,0,0,12.7,0a6.06,6.06,0,0,0-5.02,2.6A3.8,3.8,0,0,0,3.128,6.031,4.013,4.013,0,0,0,0,10.181a4.673,4.673,0,0,0,4.986,4.495Z\" transform=\"translate(691.09 514.939)\" fill=\"#fff\"><\/path><path id=\"Path-2\" data-name=\"Path\" d=\"M3.8,0a.983.983,0,0,1,.987.97V8.316L4.646,9.664l.481-.657.979-.986a.916.916,0,0,1,.647-.279.83.83,0,0,1,.846.814.785.785,0,0,1-.257.592l-2.755,2.58a1.09,1.09,0,0,1-1.576,0L.265,9.146A.764.764,0,0,1,0,8.554a.825.825,0,0,1,.846-.814.916.916,0,0,1,.647.279l.979.986.481.657L2.813,8.316V.97A.983.983,0,0,1,3.8,0Z\" transform=\"translate(698.2 523.998)\" fill=\"#fff\"><\/path><\/g><\/svg>\t\t\t\t<\/a>\n\t\t\t<\/div>\n\t\t\t\t\t\t<div class=\"elementor-icon-box-content\">\n\t\t\t\t<h3 class=\"elementor-icon-box-title\">\n\t\t\t\t\t<a href=\"https:\/\/bmtechmedical.com\/wp-content\/uploads\/2021\/10\/BMTECH-Guarantee-Form.pdf\" >\n\t\t\t\t\t\tFormul\u00e1rio de Garantia\t\t\t\t\t<\/a>\n\t\t\t\t<\/h3>\n\t\t\t\t\t\t\t<\/div>\n\t\t<\/div>\n\t\t\t\t<\/div>\n\t\t\t\t<\/div>\n\t\t\t\t\t<\/div>\n\t\t<\/div>\n\t\t\t\t<div class=\"elementor-column elementor-col-50 elementor-inner-column elementor-element elementor-element-69b1dbe\" data-id=\"69b1dbe\" data-element_type=\"column\" data-settings=\"{&quot;_ob_bbad_is_stalker&quot;:&quot;no&quot;,&quot;_ob_teleporter_use&quot;:false,&quot;_ob_column_hoveranimator&quot;:&quot;no&quot;,&quot;_ob_column_has_pseudo&quot;:&quot;no&quot;}\">\n\t\t\t<div class=\"elementor-widget-wrap elementor-element-populated\">\n\t\t\t\t\t\t<div class=\"elementor-element elementor-element-55f35a8e elementor-position-right elementor-vertical-align-middle elementor-view-default elementor-mobile-position-top ob-has-background-overlay elementor-widget elementor-widget-icon-box\" data-id=\"55f35a8e\" data-element_type=\"widget\" data-settings=\"{&quot;_ob_perspektive_use&quot;:&quot;no&quot;,&quot;_ob_poopart_use&quot;:&quot;yes&quot;,&quot;_ob_shadough_use&quot;:&quot;no&quot;,&quot;_ob_allow_hoveranimator&quot;:&quot;no&quot;,&quot;_ob_widget_stalker_use&quot;:&quot;no&quot;}\" data-widget_type=\"icon-box.default\">\n\t\t\t\t<div class=\"elementor-widget-container\">\n\t\t\t\t\t<div class=\"elementor-icon-box-wrapper\">\n\t\t\t\t\t\t<div class=\"elementor-icon-box-icon\">\n\t\t\t\t<a href=\"https:\/\/bmtechmedical.com\/wp-content\/uploads\/2024\/05\/BMTECH-Form.pdf\" class=\"elementor-icon elementor-animation-\" tabindex=\"-1\">\n\t\t\t\t<svg xmlns=\"http:\/\/www.w3.org\/2000\/svg\" width=\"42\" height=\"42\" viewBox=\"0 0 42 42\"><g id=\"Group_7876\" data-name=\"Group 7876\" transform=\"translate(-681 -505)\"><g id=\"Group_7875\" data-name=\"Group 7875\" transform=\"translate(-30 4)\"><circle id=\"Ellipse_74\" data-name=\"Ellipse 74\" cx=\"21\" cy=\"21\" r=\"21\" transform=\"translate(711 501)\" fill=\"#00d9e2\"><\/circle><\/g><path id=\"Path\" d=\"M8.131,14.676v-2.2H4.995A2.534,2.534,0,0,1,2.273,10.1,2.412,2.412,0,0,1,4.912,7.642a.17.17,0,0,0,.183-.205c-.158-2.3,1.493-3.246,3.427-2.712a.18.18,0,0,0,.241-.09A4.2,4.2,0,0,1,12.677,2.2a4.312,4.312,0,0,1,4.314,4.191,9.492,9.492,0,0,1-.058,1.5.159.159,0,0,0,.158.205c1.535.222,2.456,1.052,2.456,2.325,0,1.216-.921,2.046-2.423,2.046H13.474v2.2h3.758c2.655,0,4.588-1.643,4.588-4.035a4.234,4.234,0,0,0-2.7-4.092A6.328,6.328,0,0,0,12.7,0a6.06,6.06,0,0,0-5.02,2.6A3.8,3.8,0,0,0,3.128,6.031,4.013,4.013,0,0,0,0,10.181a4.673,4.673,0,0,0,4.986,4.495Z\" transform=\"translate(691.09 514.939)\" fill=\"#fff\"><\/path><path id=\"Path-2\" data-name=\"Path\" d=\"M3.8,0a.983.983,0,0,1,.987.97V8.316L4.646,9.664l.481-.657.979-.986a.916.916,0,0,1,.647-.279.83.83,0,0,1,.846.814.785.785,0,0,1-.257.592l-2.755,2.58a1.09,1.09,0,0,1-1.576,0L.265,9.146A.764.764,0,0,1,0,8.554a.825.825,0,0,1,.846-.814.916.916,0,0,1,.647.279l.979.986.481.657L2.813,8.316V.97A.983.983,0,0,1,3.8,0Z\" transform=\"translate(698.2 523.998)\" fill=\"#fff\"><\/path><\/g><\/svg>\t\t\t\t<\/a>\n\t\t\t<\/div>\n\t\t\t\t\t\t<div class=\"elementor-icon-box-content\">\n\t\t\t\t<h3 class=\"elementor-icon-box-title\">\n\t\t\t\t\t<a href=\"https:\/\/bmtechmedical.com\/wp-content\/uploads\/2024\/05\/BMTECH-Form.pdf\" >\n\t\t\t\t\t\tFormul\u00e1rio de Pedido\t\t\t\t\t<\/a>\n\t\t\t\t<\/h3>\n\t\t\t\t\t\t\t<\/div>\n\t\t<\/div>\n\t\t\t\t<\/div>\n\t\t\t\t<\/div>\n\t\t\t\t<div class=\"elementor-element elementor-element-4a4c74d0 elementor-position-right elementor-vertical-align-middle elementor-view-default elementor-mobile-position-top ob-has-background-overlay elementor-widget elementor-widget-icon-box\" data-id=\"4a4c74d0\" data-element_type=\"widget\" data-settings=\"{&quot;_ob_perspektive_use&quot;:&quot;no&quot;,&quot;_ob_poopart_use&quot;:&quot;yes&quot;,&quot;_ob_shadough_use&quot;:&quot;no&quot;,&quot;_ob_allow_hoveranimator&quot;:&quot;no&quot;,&quot;_ob_widget_stalker_use&quot;:&quot;no&quot;}\" data-widget_type=\"icon-box.default\">\n\t\t\t\t<div class=\"elementor-widget-container\">\n\t\t\t\t\t<div class=\"elementor-icon-box-wrapper\">\n\t\t\t\t\t\t<div class=\"elementor-icon-box-icon\">\n\t\t\t\t<span  class=\"elementor-icon elementor-animation-\">\n\t\t\t\t<svg xmlns=\"http:\/\/www.w3.org\/2000\/svg\" width=\"42\" height=\"42\" viewBox=\"0 0 42 42\"><g id=\"Group_7876\" data-name=\"Group 7876\" transform=\"translate(-681 -505)\"><g id=\"Group_7875\" data-name=\"Group 7875\" transform=\"translate(-30 4)\"><circle id=\"Ellipse_74\" data-name=\"Ellipse 74\" cx=\"21\" cy=\"21\" r=\"21\" transform=\"translate(711 501)\" fill=\"#00d9e2\"><\/circle><\/g><path id=\"Path\" d=\"M8.131,14.676v-2.2H4.995A2.534,2.534,0,0,1,2.273,10.1,2.412,2.412,0,0,1,4.912,7.642a.17.17,0,0,0,.183-.205c-.158-2.3,1.493-3.246,3.427-2.712a.18.18,0,0,0,.241-.09A4.2,4.2,0,0,1,12.677,2.2a4.312,4.312,0,0,1,4.314,4.191,9.492,9.492,0,0,1-.058,1.5.159.159,0,0,0,.158.205c1.535.222,2.456,1.052,2.456,2.325,0,1.216-.921,2.046-2.423,2.046H13.474v2.2h3.758c2.655,0,4.588-1.643,4.588-4.035a4.234,4.234,0,0,0-2.7-4.092A6.328,6.328,0,0,0,12.7,0a6.06,6.06,0,0,0-5.02,2.6A3.8,3.8,0,0,0,3.128,6.031,4.013,4.013,0,0,0,0,10.181a4.673,4.673,0,0,0,4.986,4.495Z\" transform=\"translate(691.09 514.939)\" fill=\"#fff\"><\/path><path id=\"Path-2\" data-name=\"Path\" d=\"M3.8,0a.983.983,0,0,1,.987.97V8.316L4.646,9.664l.481-.657.979-.986a.916.916,0,0,1,.647-.279.83.83,0,0,1,.846.814.785.785,0,0,1-.257.592l-2.755,2.58a1.09,1.09,0,0,1-1.576,0L.265,9.146A.764.764,0,0,1,0,8.554a.825.825,0,0,1,.846-.814.916.916,0,0,1,.647.279l.979.986.481.657L2.813,8.316V.97A.983.983,0,0,1,3.8,0Z\" transform=\"translate(698.2 523.998)\" fill=\"#fff\"><\/path><\/g><\/svg>\t\t\t\t<\/span>\n\t\t\t<\/div>\n\t\t\t\t\t\t<div class=\"elementor-icon-box-content\">\n\t\t\t\t<h3 class=\"elementor-icon-box-title\">\n\t\t\t\t\t<span  >\n\t\t\t\t\t\tBiblioteca de Implantes\t\t\t\t\t<\/span>\n\t\t\t\t<\/h3>\n\t\t\t\t\t\t\t<\/div>\n\t\t<\/div>\n\t\t\t\t<\/div>\n\t\t\t\t<\/div>\n\t\t\t\t\t<\/div>\n\t\t<\/div>\n\t\t\t\t\t<\/div>\n\t\t<\/section>\n\t\t\t\t<section class=\"ob-is-breaking-bad ob-bb-inner elementor-section elementor-inner-section elementor-element elementor-element-e9fa6dc elementor-section-boxed elementor-section-height-default elementor-section-height-default\" data-id=\"e9fa6dc\" data-element_type=\"section\" data-settings=\"{&quot;_ob_bbad_use_it&quot;:&quot;yes&quot;,&quot;_ob_bbad_sssic_use&quot;:&quot;no&quot;,&quot;_ob_glider_is_slider&quot;:&quot;no&quot;}\">\n\t\t\t\t\t\t<div class=\"elementor-container elementor-column-gap-no\">\n\t\t\t\t\t<div class=\"elementor-column elementor-col-50 elementor-inner-column elementor-element elementor-element-b3bb987\" data-id=\"b3bb987\" data-element_type=\"column\" data-settings=\"{&quot;_ob_bbad_is_stalker&quot;:&quot;no&quot;,&quot;_ob_teleporter_use&quot;:false,&quot;_ob_column_hoveranimator&quot;:&quot;no&quot;,&quot;_ob_column_has_pseudo&quot;:&quot;no&quot;}\">\n\t\t\t<div class=\"elementor-widget-wrap elementor-element-populated\">\n\t\t\t\t\t\t<div class=\"elementor-element elementor-element-4365483 ob-harakiri-inherit ob-has-background-overlay elementor-widget elementor-widget-heading\" data-id=\"4365483\" data-element_type=\"widget\" data-settings=\"{&quot;_ob_use_harakiri&quot;:&quot;yes&quot;,&quot;_ob_harakiri_writing_mode&quot;:&quot;inherit&quot;,&quot;_ob_harakiri_text_clip&quot;:&quot;none&quot;,&quot;_ob_perspektive_use&quot;:&quot;no&quot;,&quot;_ob_poopart_use&quot;:&quot;yes&quot;,&quot;_ob_shadough_use&quot;:&quot;no&quot;,&quot;_ob_allow_hoveranimator&quot;:&quot;no&quot;,&quot;_ob_widget_stalker_use&quot;:&quot;no&quot;}\" data-widget_type=\"heading.default\">\n\t\t\t\t<div class=\"elementor-widget-container\">\n\t\t\t<h2 class=\"elementor-heading-title elementor-size-default\">Informa\u00e7\u00e3o de projeto<\/h2>\t\t<\/div>\n\t\t\t\t<\/div>\n\t\t\t\t<div class=\"elementor-element elementor-element-d328c44 elementor-position-right elementor-vertical-align-middle elementor-view-default elementor-mobile-position-top ob-has-background-overlay elementor-widget elementor-widget-icon-box\" data-id=\"d328c44\" data-element_type=\"widget\" data-settings=\"{&quot;_ob_perspektive_use&quot;:&quot;no&quot;,&quot;_ob_poopart_use&quot;:&quot;yes&quot;,&quot;_ob_shadough_use&quot;:&quot;no&quot;,&quot;_ob_allow_hoveranimator&quot;:&quot;no&quot;,&quot;_ob_widget_stalker_use&quot;:&quot;no&quot;}\" data-widget_type=\"icon-box.default\">\n\t\t\t\t<div class=\"elementor-widget-container\">\n\t\t\t\t\t<div class=\"elementor-icon-box-wrapper\">\n\t\t\t\t\t\t<div class=\"elementor-icon-box-icon\">\n\t\t\t\t<a href=\"https:\/\/bmtechmedical.com\/wp-content\/uploads\/2022\/12\/Ficha-Tecnica-de-Projeto-13.SI_.2021_PT_BMTECH.pdf\" class=\"elementor-icon elementor-animation-\" tabindex=\"-1\">\n\t\t\t\t<svg xmlns=\"http:\/\/www.w3.org\/2000\/svg\" width=\"42\" height=\"42\" viewBox=\"0 0 42 42\"><g id=\"Group_7876\" data-name=\"Group 7876\" transform=\"translate(-681 -505)\"><g id=\"Group_7875\" data-name=\"Group 7875\" transform=\"translate(-30 4)\"><circle id=\"Ellipse_74\" data-name=\"Ellipse 74\" cx=\"21\" cy=\"21\" r=\"21\" transform=\"translate(711 501)\" fill=\"#00d9e2\"><\/circle><\/g><path id=\"Path\" d=\"M8.131,14.676v-2.2H4.995A2.534,2.534,0,0,1,2.273,10.1,2.412,2.412,0,0,1,4.912,7.642a.17.17,0,0,0,.183-.205c-.158-2.3,1.493-3.246,3.427-2.712a.18.18,0,0,0,.241-.09A4.2,4.2,0,0,1,12.677,2.2a4.312,4.312,0,0,1,4.314,4.191,9.492,9.492,0,0,1-.058,1.5.159.159,0,0,0,.158.205c1.535.222,2.456,1.052,2.456,2.325,0,1.216-.921,2.046-2.423,2.046H13.474v2.2h3.758c2.655,0,4.588-1.643,4.588-4.035a4.234,4.234,0,0,0-2.7-4.092A6.328,6.328,0,0,0,12.7,0a6.06,6.06,0,0,0-5.02,2.6A3.8,3.8,0,0,0,3.128,6.031,4.013,4.013,0,0,0,0,10.181a4.673,4.673,0,0,0,4.986,4.495Z\" transform=\"translate(691.09 514.939)\" fill=\"#fff\"><\/path><path id=\"Path-2\" data-name=\"Path\" d=\"M3.8,0a.983.983,0,0,1,.987.97V8.316L4.646,9.664l.481-.657.979-.986a.916.916,0,0,1,.647-.279.83.83,0,0,1,.846.814.785.785,0,0,1-.257.592l-2.755,2.58a1.09,1.09,0,0,1-1.576,0L.265,9.146A.764.764,0,0,1,0,8.554a.825.825,0,0,1,.846-.814.916.916,0,0,1,.647.279l.979.986.481.657L2.813,8.316V.97A.983.983,0,0,1,3.8,0Z\" transform=\"translate(698.2 523.998)\" fill=\"#fff\"><\/path><\/g><\/svg>\t\t\t\t<\/a>\n\t\t\t<\/div>\n\t\t\t\t\t\t<div class=\"elementor-icon-box-content\">\n\t\t\t\t<h3 class=\"elementor-icon-box-title\">\n\t\t\t\t\t<a href=\"https:\/\/bmtechmedical.com\/wp-content\/uploads\/2022\/12\/Ficha-Tecnica-de-Projeto-13.SI_.2021_PT_BMTECH.pdf\" >\n\t\t\t\t\t\tPOCI-02-0853-FEDER-179950\t\t\t\t\t<\/a>\n\t\t\t\t<\/h3>\n\t\t\t\t\t\t\t<\/div>\n\t\t<\/div>\n\t\t\t\t<\/div>\n\t\t\t\t<\/div>\n\t\t\t\t\t<\/div>\n\t\t<\/div>\n\t\t\t\t<div class=\"elementor-column elementor-col-50 elementor-inner-column elementor-element elementor-element-555455d\" data-id=\"555455d\" data-element_type=\"column\" data-settings=\"{&quot;_ob_bbad_is_stalker&quot;:&quot;no&quot;,&quot;_ob_teleporter_use&quot;:false,&quot;_ob_column_hoveranimator&quot;:&quot;no&quot;,&quot;_ob_column_has_pseudo&quot;:&quot;no&quot;}\">\n\t\t\t<div class=\"elementor-widget-wrap\">\n\t\t\t\t\t\t\t<\/div>\n\t\t<\/div>\n\t\t\t\t\t<\/div>\n\t\t<\/section>\n\t\t\t\t\t<\/div>\n\t\t<\/div>\n\t\t\t\t\t<\/div>\n\t\t<\/section>\n\t\t\t\t<\/div>\n\t\t","protected":false},"excerpt":{"rendered":"<p>TRANSFER\u00caNCIAS Informa\u00e7\u00e3o T\u00e9cnica Programa de Garantia Formul\u00e1rio de Garantia Formul\u00e1rio de Pedido Biblioteca de Implantes Informa\u00e7\u00e3o de projeto POCI-02-0853-FEDER-179950<\/p>\n","protected":false},"author":1,"featured_media":0,"parent":0,"menu_order":0,"comment_status":"closed","ping_status":"closed","template":"","meta":{"footnotes":""},"class_list":["post-2956","page","type-page","status-publish","hentry"],"_links":{"self":[{"href":"https:\/\/bmtechmedical.com\/pt-pt\/wp-json\/wp\/v2\/pages\/2956","targetHints":{"allow":["GET"]}}],"collection":[{"href":"https:\/\/bmtechmedical.com\/pt-pt\/wp-json\/wp\/v2\/pages"}],"about":[{"href":"https:\/\/bmtechmedical.com\/pt-pt\/wp-json\/wp\/v2\/types\/page"}],"author":[{"embeddable":true,"href":"https:\/\/bmtechmedical.com\/pt-pt\/wp-json\/wp\/v2\/users\/1"}],"replies":[{"embeddable":true,"href":"https:\/\/bmtechmedical.com\/pt-pt\/wp-json\/wp\/v2\/comments?post=2956"}],"version-history":[{"count":15,"href":"https:\/\/bmtechmedical.com\/pt-pt\/wp-json\/wp\/v2\/pages\/2956\/revisions"}],"predecessor-version":[{"id":4634,"href":"https:\/\/bmtechmedical.com\/pt-pt\/wp-json\/wp\/v2\/pages\/2956\/revisions\/4634"}],"wp:attachment":[{"href":"https:\/\/bmtechmedical.com\/pt-pt\/wp-json\/wp\/v2\/media?parent=2956"}],"curies":[{"name":"wp","href":"https:\/\/api.w.org\/{rel}","templated":true}]}}